{"id":4010,"date":"2022-12-13T10:12:19","date_gmt":"2022-12-13T10:12:19","guid":{"rendered":"https:\/\/www.support-studios.com\/weitere-impressionen\/"},"modified":"2024-10-01T12:05:03","modified_gmt":"2024-10-01T12:05:03","slug":"weitere-impressionen","status":"publish","type":"page","link":"https:\/\/www.support-studios.com\/de\/weitere-impressionen\/","title":{"rendered":"Weitere Impressionen"},"content":{"rendered":"\t\t<div data-elementor-type=\"wp-page\" data-elementor-id=\"4010\" class=\"elementor elementor-4010\">\n\t\t\t\t\t\t\t\t\t<section class=\"elementor-section elementor-top-section elementor-element elementor-element-c07cfc1 elementor-section-boxed elementor-section-height-default elementor-section-height-default\" data-id=\"c07cfc1\" data-element_type=\"section\">\n\t\t\t\t\t\t<div class=\"elementor-container elementor-column-gap-no\">\n\t\t\t\t\t<div class=\"elementor-column elementor-col-100 elementor-top-column elementor-element elementor-element-4eb2a9f\" data-id=\"4eb2a9f\" data-element_type=\"column\">\n\t\t\t<div class=\"elementor-widget-wrap elementor-element-populated\">\n\t\t\t\t\t\t\t\t<div class=\"elementor-element elementor-element-889e8aa elementor-widget elementor-widget-heading\" data-id=\"889e8aa\" data-element_type=\"widget\" data-widget_type=\"heading.default\">\n\t\t\t\t<div class=\"elementor-widget-container\">\n\t\t\t<style>\/*! elementor - v3.8.1 - 13-11-2022 *\/\n.elementor-heading-title{padding:0;margin:0;line-height:1}.elementor-widget-heading .elementor-heading-title[class*=elementor-size-]>a{color:inherit;font-size:inherit;line-height:inherit}.elementor-widget-heading .elementor-heading-title.elementor-size-small{font-size:15px}.elementor-widget-heading .elementor-heading-title.elementor-size-medium{font-size:19px}.elementor-widget-heading .elementor-heading-title.elementor-size-large{font-size:29px}.elementor-widget-heading .elementor-heading-title.elementor-size-xl{font-size:39px}.elementor-widget-heading .elementor-heading-title.elementor-size-xxl{font-size:59px}<\/style><h4 class=\"elementor-heading-title elementor-size-default\">Weitere Studio-Impressionen<\/h4>\t\t<\/div>\n\t\t\t\t<\/div>\n\t\t\t\t<div class=\"elementor-element elementor-element-33b18a2 elementor-widget elementor-widget-heading\" data-id=\"33b18a2\" data-element_type=\"widget\" data-widget_type=\"heading.default\">\n\t\t\t\t<div class=\"elementor-widget-container\">\n\t\t\t<h2 class=\"elementor-heading-title elementor-size-default\">Ein Studiokonzept, das Erfahrungen auf h\u00f6chstem Niveau schafft<\/h2>\t\t<\/div>\n\t\t\t\t<\/div>\n\t\t\t\t<div class=\"elementor-element elementor-element-3c6905e elementor-widget elementor-widget-heading\" data-id=\"3c6905e\" data-element_type=\"widget\" data-widget_type=\"heading.default\">\n\t\t\t\t<div class=\"elementor-widget-container\">\n\t\t\t<p class=\"elementor-heading-title elementor-size-default\">Die einladende Atmosph\u00e4re unseres modernen Studios stellt N\u00e4he zu den Probanden her und l\u00e4sst ein vertrauensvolles Umfeld entstehen, das die Offenheit und Teilnahmebereitschaft erh\u00f6ht. Wir legen gro\u00dfen Wert darauf, dass sich alle G\u00e4ste und Beteiligten wohl und unterst\u00fctzt f\u00fchlen, um die bestm\u00f6glichen Ergebnisse zu erzielen.<\/p>\t\t<\/div>\n\t\t\t\t<\/div>\n\t\t\t\t\t<\/div>\n\t\t<\/div>\n\t\t\t\t\t\t\t<\/div>\n\t\t<\/section>\n\t\t\t\t<section class=\"elementor-section elementor-top-section elementor-element elementor-element-3773da0 elementor-section-boxed elementor-section-height-default elementor-section-height-default\" data-id=\"3773da0\" data-element_type=\"section\">\n\t\t\t\t\t\t<div class=\"elementor-container elementor-column-gap-no\">\n\t\t\t\t\t<div class=\"elementor-column elementor-col-50 elementor-top-column elementor-element elementor-element-1616f65\" data-id=\"1616f65\" data-element_type=\"column\">\n\t\t\t<div class=\"elementor-widget-wrap elementor-element-populated\">\n\t\t\t\t\t\t\t\t<div class=\"elementor-element elementor-element-e4d3150 wi_left txtimg elementor-widget elementor-widget-image\" data-id=\"e4d3150\" data-element_type=\"widget\" data-widget_type=\"image.default\">\n\t\t\t\t<div class=\"elementor-widget-container\">\n\t\t\t<style>\/*! elementor - v3.8.1 - 13-11-2022 *\/\n.elementor-widget-image{text-align:center}.elementor-widget-image a{display:inline-block}.elementor-widget-image a img[src$=\".svg\"]{width:48px}.elementor-widget-image img{vertical-align:middle;display:inline-block}<\/style>\t\t\t\t\t\t\t\t\t<figure class=\"wp-caption\">\n\t\t\t\t\t\t\t\t\t\t<img loading=\"lazy\" decoding=\"async\" width=\"732\" height=\"750\" src=\"https:\/\/www.support-studios.com\/wp-content\/uploads\/2023\/05\/01_impressionen-min.jpg\" class=\"attachment-large size-large\" alt=\"\" srcset=\"https:\/\/www.support-studios.com\/wp-content\/uploads\/2023\/05\/01_impressionen-min.jpg 732w, https:\/\/www.support-studios.com\/wp-content\/uploads\/2023\/05\/01_impressionen-min-293x300.jpg 293w\" sizes=\"auto, (max-width: 732px) 100vw, 732px\" \/>\t\t\t\t\t\t\t\t\t\t\t<figcaption class=\"widget-image-caption wp-caption-text\">Wartebereich \/ Lounge<\/figcaption>\n\t\t\t\t\t\t\t\t\t\t<\/figure>\n\t\t\t\t\t\t\t\t\t<\/div>\n\t\t\t\t<\/div>\n\t\t\t\t<div class=\"elementor-element elementor-element-9fa685b elementor-widget elementor-widget-heading\" data-id=\"9fa685b\" data-element_type=\"widget\" data-widget_type=\"heading.default\">\n\t\t\t\t<div class=\"elementor-widget-container\">\n\t\t\t<h3 class=\"elementor-heading-title elementor-size-default\">Unsere Studios bieten:\u2028<\/h3>\t\t<\/div>\n\t\t\t\t<\/div>\n\t\t\t\t<div class=\"elementor-element elementor-element-344955f iclist elementor-icon-list--layout-traditional elementor-list-item-link-full_width elementor-widget elementor-widget-icon-list\" data-id=\"344955f\" data-element_type=\"widget\" data-widget_type=\"icon-list.default\">\n\t\t\t\t<div class=\"elementor-widget-container\">\n\t\t\t<link rel=\"stylesheet\" href=\"https:\/\/www.support-studios.com\/wp-content\/uploads\/elementor\/css\/custom-widget-icon-list.min.css?ver=1728925532\">\t\t<ul class=\"elementor-icon-list-items\">\n\t\t\t\t\t\t\t<li class=\"elementor-icon-list-item\">\n\t\t\t\t\t\t\t\t\t\t<span class=\"elementor-icon-list-text\">direkte Beobachtung \u00fcber Einwegspiegel<\/span>\n\t\t\t\t\t\t\t\t\t<\/li>\n\t\t\t\t\t\t\t\t<li class=\"elementor-icon-list-item\">\n\t\t\t\t\t\t\t\t\t\t<span class=\"elementor-icon-list-text\">gem\u00fctliche Kundenlounges<\/span>\n\t\t\t\t\t\t\t\t\t<\/li>\n\t\t\t\t\t\t\t\t<li class=\"elementor-icon-list-item\">\n\t\t\t\t\t\t\t\t\t\t<span class=\"elementor-icon-list-text\">gro\u00dfe Monitore (bis zu 85'')<\/span>\n\t\t\t\t\t\t\t\t\t<\/li>\n\t\t\t\t\t\t\t\t<li class=\"elementor-icon-list-item\">\n\t\t\t\t\t\t\t\t\t\t<span class=\"elementor-icon-list-text\">digitale Aufzeichnungstechnologie in HQ<\/span>\n\t\t\t\t\t\t\t\t\t<\/li>\n\t\t\t\t\t\t\t\t<li class=\"elementor-icon-list-item\">\n\t\t\t\t\t\t\t\t\t\t<span class=\"elementor-icon-list-text\">Live-Streaming<\/span>\n\t\t\t\t\t\t\t\t\t<\/li>\n\t\t\t\t\t\t\t\t<li class=\"elementor-icon-list-item\">\n\t\t\t\t\t\t\t\t\t\t<span class=\"elementor-icon-list-text\">abh\u00f6rsichere Simultan-Kan\u00e4le<\/span>\n\t\t\t\t\t\t\t\t\t<\/li>\n\t\t\t\t\t\t\t\t<li class=\"elementor-icon-list-item\">\n\t\t\t\t\t\t\t\t\t\t<span class=\"elementor-icon-list-text\">individuelle Set-ups<\/span>\n\t\t\t\t\t\t\t\t\t<\/li>\n\t\t\t\t\t\t\t\t<li class=\"elementor-icon-list-item\">\n\t\t\t\t\t\t\t\t\t\t<span class=\"elementor-icon-list-text\">R\u00fcckzugsr\u00e4ume \/ Breakout Rooms<\/span>\n\t\t\t\t\t\t\t\t\t<\/li>\n\t\t\t\t\t\t\t\t<li class=\"elementor-icon-list-item\">\n\t\t\t\t\t\t\t\t\t\t<span class=\"elementor-icon-list-text\">Klimaanlagen<\/span>\n\t\t\t\t\t\t\t\t\t<\/li>\n\t\t\t\t\t\t\t\t<li class=\"elementor-icon-list-item\">\n\t\t\t\t\t\t\t\t\t\t<span class=\"elementor-icon-list-text\">Whiteboards, Flip-Charts, Moderationszubeh\u00f6r<\/span>\n\t\t\t\t\t\t\t\t\t<\/li>\n\t\t\t\t\t\t\t\t<li class=\"elementor-icon-list-item\">\n\t\t\t\t\t\t\t\t\t\t<span class=\"elementor-icon-list-text\">hochwertiges Catering<\/span>\n\t\t\t\t\t\t\t\t\t<\/li>\n\t\t\t\t\t\t<\/ul>\n\t\t\t\t<\/div>\n\t\t\t\t<\/div>\n\t\t\t\t\t<\/div>\n\t\t<\/div>\n\t\t\t\t<div class=\"elementor-column elementor-col-50 elementor-top-column elementor-element elementor-element-34a75f1\" data-id=\"34a75f1\" data-element_type=\"column\">\n\t\t\t<div class=\"elementor-widget-wrap elementor-element-populated\">\n\t\t\t\t\t\t\t\t<div class=\"elementor-element elementor-element-fbd6096 elementor-widget elementor-widget-heading\" data-id=\"fbd6096\" data-element_type=\"widget\" data-widget_type=\"heading.default\">\n\t\t\t\t<div class=\"elementor-widget-container\">\n\t\t\t<h2 class=\"elementor-heading-title elementor-size-default\">Unsere R\u00e4ume verf\u00fcgen \u00fcber eine herausragende technische Ausstattung<\/h2>\t\t<\/div>\n\t\t\t\t<\/div>\n\t\t\t\t<div class=\"elementor-element elementor-element-33c55cb txtimg wi2 elementor-widget elementor-widget-image\" data-id=\"33c55cb\" data-element_type=\"widget\" data-widget_type=\"image.default\">\n\t\t\t\t<div class=\"elementor-widget-container\">\n\t\t\t\t\t\t\t\t\t\t\t\t<figure class=\"wp-caption\">\n\t\t\t\t\t\t\t\t\t\t<img loading=\"lazy\" decoding=\"async\" width=\"788\" height=\"1024\" src=\"https:\/\/www.support-studios.com\/wp-content\/uploads\/2023\/05\/02_impressionen-min-788x1024.jpg\" class=\"attachment-large size-large\" alt=\"\" srcset=\"https:\/\/www.support-studios.com\/wp-content\/uploads\/2023\/05\/02_impressionen-min-788x1024.jpg 788w, https:\/\/www.support-studios.com\/wp-content\/uploads\/2023\/05\/02_impressionen-min-231x300.jpg 231w, https:\/\/www.support-studios.com\/wp-content\/uploads\/2023\/05\/02_impressionen-min-768x998.jpg 768w, https:\/\/www.support-studios.com\/wp-content\/uploads\/2023\/05\/02_impressionen-min.jpg 836w\" sizes=\"auto, (max-width: 788px) 100vw, 788px\" \/>\t\t\t\t\t\t\t\t\t\t\t<figcaption class=\"widget-image-caption wp-caption-text\">Beobachtungsraum \/ Kino<\/figcaption>\n\t\t\t\t\t\t\t\t\t\t<\/figure>\n\t\t\t\t\t\t\t\t\t<\/div>\n\t\t\t\t<\/div>\n\t\t\t\t\t<\/div>\n\t\t<\/div>\n\t\t\t\t\t\t\t<\/div>\n\t\t<\/section>\n\t\t\t\t<section class=\"elementor-section elementor-top-section elementor-element elementor-element-1cd8b85 elementor-section-boxed elementor-section-height-default elementor-section-height-default\" data-id=\"1cd8b85\" data-element_type=\"section\">\n\t\t\t\t\t\t<div class=\"elementor-container elementor-column-gap-no\">\n\t\t\t\t\t<div class=\"elementor-column elementor-col-100 elementor-top-column elementor-element elementor-element-c17699d\" data-id=\"c17699d\" data-element_type=\"column\">\n\t\t\t<div class=\"elementor-widget-wrap elementor-element-populated\">\n\t\t\t\t\t\t\t\t<div class=\"elementor-element elementor-element-67a0635 txtimg wi3 elementor-widget elementor-widget-image\" data-id=\"67a0635\" data-element_type=\"widget\" data-widget_type=\"image.default\">\n\t\t\t\t<div class=\"elementor-widget-container\">\n\t\t\t\t\t\t\t\t\t\t\t\t<figure class=\"wp-caption\">\n\t\t\t\t\t\t\t\t\t\t<img loading=\"lazy\" decoding=\"async\" width=\"800\" height=\"413\" src=\"https:\/\/www.support-studios.com\/wp-content\/uploads\/2023\/08\/new-1_impressionen-min-min-1024x529.jpg\" class=\"attachment-large size-large\" alt=\"\" srcset=\"https:\/\/www.support-studios.com\/wp-content\/uploads\/2023\/08\/new-1_impressionen-min-min-1024x529.jpg 1024w, https:\/\/www.support-studios.com\/wp-content\/uploads\/2023\/08\/new-1_impressionen-min-min-300x155.jpg 300w, https:\/\/www.support-studios.com\/wp-content\/uploads\/2023\/08\/new-1_impressionen-min-min-768x396.jpg 768w, https:\/\/www.support-studios.com\/wp-content\/uploads\/2023\/08\/new-1_impressionen-min-min-1536x793.jpg 1536w, https:\/\/www.support-studios.com\/wp-content\/uploads\/2023\/08\/new-1_impressionen-min-min.jpg 1761w\" sizes=\"auto, (max-width: 800px) 100vw, 800px\" \/>\t\t\t\t\t\t\t\t\t\t\t<figcaption class=\"widget-image-caption wp-caption-text\">Kids Set-up f\u00fcr Kinderstudie<\/figcaption>\n\t\t\t\t\t\t\t\t\t\t<\/figure>\n\t\t\t\t\t\t\t\t\t<\/div>\n\t\t\t\t<\/div>\n\t\t\t\t\t<\/div>\n\t\t<\/div>\n\t\t\t\t\t\t\t<\/div>\n\t\t<\/section>\n\t\t\t\t<section class=\"elementor-section elementor-top-section elementor-element elementor-element-a6ba06a elementor-section-boxed elementor-section-height-default elementor-section-height-default\" data-id=\"a6ba06a\" data-element_type=\"section\">\n\t\t\t\t\t\t<div class=\"elementor-container elementor-column-gap-no\">\n\t\t\t\t\t<div class=\"elementor-column elementor-col-50 elementor-top-column elementor-element elementor-element-c228b1d\" data-id=\"c228b1d\" data-element_type=\"column\">\n\t\t\t<div class=\"elementor-widget-wrap elementor-element-populated\">\n\t\t\t\t\t\t\t\t<div class=\"elementor-element elementor-element-26ccfe2 wi_left txtimg elementor-widget elementor-widget-image\" data-id=\"26ccfe2\" data-element_type=\"widget\" data-widget_type=\"image.default\">\n\t\t\t\t<div class=\"elementor-widget-container\">\n\t\t\t\t\t\t\t\t\t\t\t\t<figure class=\"wp-caption\">\n\t\t\t\t\t\t\t\t\t\t<img loading=\"lazy\" decoding=\"async\" width=\"732\" height=\"750\" src=\"https:\/\/www.support-studios.com\/wp-content\/uploads\/2023\/05\/04_impressionen-min.jpg\" class=\"attachment-large size-large\" alt=\"\" srcset=\"https:\/\/www.support-studios.com\/wp-content\/uploads\/2023\/05\/04_impressionen-min.jpg 732w, https:\/\/www.support-studios.com\/wp-content\/uploads\/2023\/05\/04_impressionen-min-293x300.jpg 293w\" sizes=\"auto, (max-width: 732px) 100vw, 732px\" \/>\t\t\t\t\t\t\t\t\t\t\t<figcaption class=\"widget-image-caption wp-caption-text\">Breakout- \/ Wartebereich<\/figcaption>\n\t\t\t\t\t\t\t\t\t\t<\/figure>\n\t\t\t\t\t\t\t\t\t<\/div>\n\t\t\t\t<\/div>\n\t\t\t\t\t<\/div>\n\t\t<\/div>\n\t\t\t\t<div class=\"elementor-column elementor-col-50 elementor-top-column elementor-element elementor-element-f464036\" data-id=\"f464036\" data-element_type=\"column\">\n\t\t\t<div class=\"elementor-widget-wrap elementor-element-populated\">\n\t\t\t\t\t\t\t\t<div class=\"elementor-element elementor-element-a65b9b4 txtimg wi2 elementor-widget elementor-widget-image\" data-id=\"a65b9b4\" data-element_type=\"widget\" data-widget_type=\"image.default\">\n\t\t\t\t<div class=\"elementor-widget-container\">\n\t\t\t\t\t\t\t\t\t\t\t\t<figure class=\"wp-caption\">\n\t\t\t\t\t\t\t\t\t\t<img loading=\"lazy\" decoding=\"async\" width=\"788\" height=\"1024\" src=\"https:\/\/www.support-studios.com\/wp-content\/uploads\/2023\/08\/new_impressionen-min-788x1024.jpg\" class=\"attachment-large size-large\" alt=\"\" srcset=\"https:\/\/www.support-studios.com\/wp-content\/uploads\/2023\/08\/new_impressionen-min-788x1024.jpg 788w, https:\/\/www.support-studios.com\/wp-content\/uploads\/2023\/08\/new_impressionen-min-231x300.jpg 231w, https:\/\/www.support-studios.com\/wp-content\/uploads\/2023\/08\/new_impressionen-min-768x998.jpg 768w, https:\/\/www.support-studios.com\/wp-content\/uploads\/2023\/08\/new_impressionen-min.jpg 836w\" sizes=\"auto, (max-width: 788px) 100vw, 788px\" \/>\t\t\t\t\t\t\t\t\t\t\t<figcaption class=\"widget-image-caption wp-caption-text\">Set-up f\u00fcr Verk\u00f6stigungsstudie<\/figcaption>\n\t\t\t\t\t\t\t\t\t\t<\/figure>\n\t\t\t\t\t\t\t\t\t<\/div>\n\t\t\t\t<\/div>\n\t\t\t\t\t<\/div>\n\t\t<\/div>\n\t\t\t\t\t\t\t<\/div>\n\t\t<\/section>\n\t\t\t\t<section class=\"elementor-section elementor-top-section elementor-element elementor-element-7d4b95e elementor-section-content-bottom elementor-section-boxed elementor-section-height-default elementor-section-height-default\" data-id=\"7d4b95e\" data-element_type=\"section\">\n\t\t\t\t\t\t<div class=\"elementor-container elementor-column-gap-no\">\n\t\t\t\t\t<div class=\"elementor-column elementor-col-50 elementor-top-column elementor-element elementor-element-26af30f\" data-id=\"26af30f\" data-element_type=\"column\">\n\t\t\t<div class=\"elementor-widget-wrap elementor-element-populated\">\n\t\t\t\t\t\t\t\t<div class=\"elementor-element elementor-element-b358217 elementor-widget elementor-widget-heading\" data-id=\"b358217\" data-element_type=\"widget\" data-widget_type=\"heading.default\">\n\t\t\t\t<div class=\"elementor-widget-container\">\n\t\t\t<h2 class=\"elementor-heading-title elementor-size-default\">Individuelle Studien-Settings f\u00fcr ein maximales Outcome<\/h2>\t\t<\/div>\n\t\t\t\t<\/div>\n\t\t\t\t<div class=\"elementor-element elementor-element-b75d09f txtimg wi4 elementor-widget elementor-widget-image\" data-id=\"b75d09f\" data-element_type=\"widget\" data-widget_type=\"image.default\">\n\t\t\t\t<div class=\"elementor-widget-container\">\n\t\t\t\t\t\t\t\t\t\t\t\t<figure class=\"wp-caption\">\n\t\t\t\t\t\t\t\t\t\t<img loading=\"lazy\" decoding=\"async\" width=\"731\" height=\"515\" src=\"https:\/\/www.support-studios.com\/wp-content\/uploads\/2023\/05\/06_impressionen-min.jpg\" class=\"attachment-large size-large\" alt=\"\" srcset=\"https:\/\/www.support-studios.com\/wp-content\/uploads\/2023\/05\/06_impressionen-min.jpg 731w, https:\/\/www.support-studios.com\/wp-content\/uploads\/2023\/05\/06_impressionen-min-300x211.jpg 300w\" sizes=\"auto, (max-width: 731px) 100vw, 731px\" \/>\t\t\t\t\t\t\t\t\t\t\t<figcaption class=\"widget-image-caption wp-caption-text\">Dolmetscherraum zur Simultan-\u00dcbersetzung<\/figcaption>\n\t\t\t\t\t\t\t\t\t\t<\/figure>\n\t\t\t\t\t\t\t\t\t<\/div>\n\t\t\t\t<\/div>\n\t\t\t\t\t<\/div>\n\t\t<\/div>\n\t\t\t\t<div class=\"elementor-column elementor-col-50 elementor-top-column elementor-element elementor-element-4ffa95f\" data-id=\"4ffa95f\" data-element_type=\"column\">\n\t\t\t<div class=\"elementor-widget-wrap elementor-element-populated\">\n\t\t\t\t\t\t\t\t<div class=\"elementor-element elementor-element-9e3dc6c txtimg wi_left elementor-widget elementor-widget-image\" data-id=\"9e3dc6c\" data-element_type=\"widget\" data-widget_type=\"image.default\">\n\t\t\t\t<div class=\"elementor-widget-container\">\n\t\t\t\t\t\t\t\t\t\t\t\t<figure class=\"wp-caption\">\n\t\t\t\t\t\t\t\t\t\t<img loading=\"lazy\" decoding=\"async\" width=\"800\" height=\"726\" src=\"https:\/\/www.support-studios.com\/wp-content\/uploads\/2023\/05\/07_impressionen-min.jpg\" class=\"attachment-large size-large\" alt=\"\" srcset=\"https:\/\/www.support-studios.com\/wp-content\/uploads\/2023\/05\/07_impressionen-min.jpg 833w, https:\/\/www.support-studios.com\/wp-content\/uploads\/2023\/05\/07_impressionen-min-300x272.jpg 300w, https:\/\/www.support-studios.com\/wp-content\/uploads\/2023\/05\/07_impressionen-min-768x697.jpg 768w\" sizes=\"auto, (max-width: 800px) 100vw, 800px\" \/>\t\t\t\t\t\t\t\t\t\t\t<figcaption class=\"widget-image-caption wp-caption-text\">Breakout- \/ Wartebereich<\/figcaption>\n\t\t\t\t\t\t\t\t\t\t<\/figure>\n\t\t\t\t\t\t\t\t\t<\/div>\n\t\t\t\t<\/div>\n\t\t\t\t\t<\/div>\n\t\t<\/div>\n\t\t\t\t\t\t\t<\/div>\n\t\t<\/section>\n\t\t\t\t<section class=\"elementor-section elementor-top-section elementor-element elementor-element-eeef6b8 elementor-section-boxed elementor-section-height-default elementor-section-height-default\" data-id=\"eeef6b8\" data-element_type=\"section\">\n\t\t\t\t\t\t<div class=\"elementor-container elementor-column-gap-no\">\n\t\t\t\t\t<div class=\"elementor-column elementor-col-100 elementor-top-column elementor-element elementor-element-8594772\" data-id=\"8594772\" data-element_type=\"column\">\n\t\t\t<div class=\"elementor-widget-wrap elementor-element-populated\">\n\t\t\t\t\t\t\t\t<div class=\"elementor-element elementor-element-c29ab9f elementor-widget elementor-widget-heading\" data-id=\"c29ab9f\" data-element_type=\"widget\" data-widget_type=\"heading.default\">\n\t\t\t\t<div class=\"elementor-widget-container\">\n\t\t\t<h4 class=\"elementor-heading-title elementor-size-default\">Vielfalt entdecken<\/h4>\t\t<\/div>\n\t\t\t\t<\/div>\n\t\t\t\t<div class=\"elementor-element elementor-element-a1d0c92 panelhds elementor-widget elementor-widget-heading\" data-id=\"a1d0c92\" data-element_type=\"widget\" data-widget_type=\"heading.default\">\n\t\t\t\t<div class=\"elementor-widget-container\">\n\t\t\t<h2 class=\"elementor-heading-title elementor-size-default\">Lernen Sie unsere umfangreichen <br\/>\u2028Studio- und Service-M\u00f6glichkeiten kennen<\/h2>\t\t<\/div>\n\t\t\t\t<\/div>\n\t\t\t\t<section class=\"elementor-section elementor-inner-section elementor-element elementor-element-df86458 stud_btns elementor-section-boxed elementor-section-height-default elementor-section-height-default\" data-id=\"df86458\" data-element_type=\"section\">\n\t\t\t\t\t\t<div class=\"elementor-container elementor-column-gap-no\">\n\t\t\t\t\t<div class=\"elementor-column elementor-col-50 elementor-inner-column elementor-element elementor-element-6360be8\" data-id=\"6360be8\" data-element_type=\"column\">\n\t\t\t<div class=\"elementor-widget-wrap elementor-element-populated\">\n\t\t\t\t\t\t\t\t<div class=\"elementor-element elementor-element-c07b00b elementor-align-right fbtn elementor-widget elementor-widget-button\" data-id=\"c07b00b\" data-element_type=\"widget\" data-widget_type=\"button.default\">\n\t\t\t\t<div class=\"elementor-widget-container\">\n\t\t\t\t\t<div class=\"elementor-button-wrapper\">\n\t\t\t<a href=\"https:\/\/www.support-studios.com\/services\/\" class=\"elementor-button-link elementor-button elementor-size-sm\" role=\"button\">\n\t\t\t\t\t\t<span class=\"elementor-button-content-wrapper\">\n\t\t\t\t\t\t\t<span class=\"elementor-button-icon elementor-align-icon-right\">\n\t\t\t\t<svg xmlns=\"http:\/\/www.w3.org\/2000\/svg\" xmlns:xlink=\"http:\/\/www.w3.org\/1999\/xlink\" width=\"10px\" height=\"16px\" viewBox=\"0 0 10 16\"><title>Path 7 Copy<\/title><g id=\"Page-1\" stroke=\"none\" stroke-width=\"1\" fill=\"none\" fill-rule=\"evenodd\"><g id=\"Support-Studios-&#x2013;-New-Home-(v6)\" transform=\"translate(-230.000000, -2483.000000)\" stroke=\"#018282\" stroke-width=\"2.5\"><g id=\"Group-13\" transform=\"translate(133.000000, 2480.342035)\"><polyline id=\"Path-7-Copy\" transform=\"translate(101.774419, 10.500000) rotate(-90.000000) translate(-101.774419, -10.500000) \" points=\"95.2744195 7.25 101.774419 13.75 108.274419 7.25\"><\/polyline><\/g><\/g><\/g><\/svg>\t\t\t<\/span>\n\t\t\t\t\t\t<span class=\"elementor-button-text\">Unsere Services<\/span>\n\t\t<\/span>\n\t\t\t\t\t<\/a>\n\t\t<\/div>\n\t\t\t\t<\/div>\n\t\t\t\t<\/div>\n\t\t\t\t\t<\/div>\n\t\t<\/div>\n\t\t\t\t<div class=\"elementor-column elementor-col-50 elementor-inner-column elementor-element elementor-element-a3f9a9e\" data-id=\"a3f9a9e\" data-element_type=\"column\">\n\t\t\t<div class=\"elementor-widget-wrap elementor-element-populated\">\n\t\t\t\t\t\t\t\t<div class=\"elementor-element elementor-element-3838d4f elementor-align-left fbtn elementor-widget elementor-widget-button\" data-id=\"3838d4f\" data-element_type=\"widget\" data-widget_type=\"button.default\">\n\t\t\t\t<div class=\"elementor-widget-container\">\n\t\t\t\t\t<div class=\"elementor-button-wrapper\">\n\t\t\t<a href=\"https:\/\/www.support-studios.com\/studios\/\" class=\"elementor-button-link elementor-button elementor-size-sm\" role=\"button\">\n\t\t\t\t\t\t<span class=\"elementor-button-content-wrapper\">\n\t\t\t\t\t\t\t<span class=\"elementor-button-icon elementor-align-icon-right\">\n\t\t\t\t<svg xmlns=\"http:\/\/www.w3.org\/2000\/svg\" xmlns:xlink=\"http:\/\/www.w3.org\/1999\/xlink\" width=\"10px\" height=\"16px\" viewBox=\"0 0 10 16\"><title>Path 7 Copy<\/title><g id=\"Page-1\" stroke=\"none\" stroke-width=\"1\" fill=\"none\" fill-rule=\"evenodd\"><g id=\"Support-Studios-&#x2013;-New-Home-(v6)\" transform=\"translate(-230.000000, -2483.000000)\" stroke=\"#018282\" stroke-width=\"2.5\"><g id=\"Group-13\" transform=\"translate(133.000000, 2480.342035)\"><polyline id=\"Path-7-Copy\" transform=\"translate(101.774419, 10.500000) rotate(-90.000000) translate(-101.774419, -10.500000) \" points=\"95.2744195 7.25 101.774419 13.75 108.274419 7.25\"><\/polyline><\/g><\/g><\/g><\/svg>\t\t\t<\/span>\n\t\t\t\t\t\t<span class=\"elementor-button-text\">Unser Studio<\/span>\n\t\t<\/span>\n\t\t\t\t\t<\/a>\n\t\t<\/div>\n\t\t\t\t<\/div>\n\t\t\t\t<\/div>\n\t\t\t\t\t<\/div>\n\t\t<\/div>\n\t\t\t\t\t\t\t<\/div>\n\t\t<\/section>\n\t\t\t\t\t<\/div>\n\t\t<\/div>\n\t\t\t\t\t\t\t<\/div>\n\t\t<\/section>\n\t\t\t\t\t\t\t<\/div>\n\t\t","protected":false},"excerpt":{"rendered":"<p>Weitere Studio-Impressionen Ein Studiokonzept, das Erfahrungen auf h\u00f6chstem Niveau schafft Die einladende Atmosph\u00e4re unseres modernen Studios stellt N\u00e4he zu den Probanden her und l\u00e4sst ein vertrauensvolles Umfeld entstehen, das die Offenheit und Teilnahmebereitschaft erh\u00f6ht. Wir legen gro\u00dfen Wert darauf, dass sich alle G\u00e4ste und Beteiligten wohl und unterst\u00fctzt f\u00fchlen, um die bestm\u00f6glichen Ergebnisse zu erzielen. [&hellip;]<\/p>\n","protected":false},"author":1,"featured_media":0,"parent":0,"menu_order":0,"comment_status":"closed","ping_status":"closed","template":"","meta":{"_acf_changed":false,"footnotes":""},"class_list":["post-4010","page","type-page","status-publish","hentry"],"acf":[],"_links":{"self":[{"href":"https:\/\/www.support-studios.com\/de\/wp-json\/wp\/v2\/pages\/4010","targetHints":{"allow":["GET"]}}],"collection":[{"href":"https:\/\/www.support-studios.com\/de\/wp-json\/wp\/v2\/pages"}],"about":[{"href":"https:\/\/www.support-studios.com\/de\/wp-json\/wp\/v2\/types\/page"}],"author":[{"embeddable":true,"href":"https:\/\/www.support-studios.com\/de\/wp-json\/wp\/v2\/users\/1"}],"replies":[{"embeddable":true,"href":"https:\/\/www.support-studios.com\/de\/wp-json\/wp\/v2\/comments?post=4010"}],"version-history":[{"count":11,"href":"https:\/\/www.support-studios.com\/de\/wp-json\/wp\/v2\/pages\/4010\/revisions"}],"predecessor-version":[{"id":4596,"href":"https:\/\/www.support-studios.com\/de\/wp-json\/wp\/v2\/pages\/4010\/revisions\/4596"}],"wp:attachment":[{"href":"https:\/\/www.support-studios.com\/de\/wp-json\/wp\/v2\/media?parent=4010"}],"curies":[{"name":"wp","href":"https:\/\/api.w.org\/{rel}","templated":true}]}}