{"id":4006,"date":"2022-12-08T06:23:23","date_gmt":"2022-12-08T06:23:23","guid":{"rendered":"https:\/\/www.support-studios.com\/agb\/"},"modified":"2024-10-01T11:58:19","modified_gmt":"2024-10-01T11:58:19","slug":"agb","status":"publish","type":"page","link":"https:\/\/www.support-studios.com\/de\/agb\/","title":{"rendered":"AGB"},"content":{"rendered":"\t\t<div data-elementor-type=\"wp-page\" data-elementor-id=\"4006\" class=\"elementor elementor-4006\">\n\t\t\t\t\t\t\t\t\t<section class=\"elementor-section elementor-top-section elementor-element elementor-element-5a7d070 legalpg elementor-section-boxed elementor-section-height-default elementor-section-height-default\" data-id=\"5a7d070\" data-element_type=\"section\">\n\t\t\t\t\t\t<div class=\"elementor-container elementor-column-gap-no\">\n\t\t\t\t\t<div class=\"elementor-column elementor-col-100 elementor-top-column elementor-element elementor-element-8daa9f0\" data-id=\"8daa9f0\" data-element_type=\"column\">\n\t\t\t<div class=\"elementor-widget-wrap elementor-element-populated\">\n\t\t\t\t\t\t\t\t<div class=\"elementor-element elementor-element-5841c01 elementor-widget elementor-widget-heading\" data-id=\"5841c01\" data-element_type=\"widget\" data-widget_type=\"heading.default\">\n\t\t\t\t<div class=\"elementor-widget-container\">\n\t\t\t<style>\/*! elementor - v3.8.1 - 13-11-2022 *\/\n.elementor-heading-title{padding:0;margin:0;line-height:1}.elementor-widget-heading .elementor-heading-title[class*=elementor-size-]>a{color:inherit;font-size:inherit;line-height:inherit}.elementor-widget-heading .elementor-heading-title.elementor-size-small{font-size:15px}.elementor-widget-heading .elementor-heading-title.elementor-size-medium{font-size:19px}.elementor-widget-heading .elementor-heading-title.elementor-size-large{font-size:29px}.elementor-widget-heading .elementor-heading-title.elementor-size-xl{font-size:39px}.elementor-widget-heading .elementor-heading-title.elementor-size-xxl{font-size:59px}<\/style><h4 class=\"elementor-heading-title elementor-size-default\">Vertragsbestimmungen<\/h4>\t\t<\/div>\n\t\t\t\t<\/div>\n\t\t\t\t<div class=\"elementor-element elementor-element-74ccce1 elementor-widget elementor-widget-heading\" data-id=\"74ccce1\" data-element_type=\"widget\" data-widget_type=\"heading.default\">\n\t\t\t\t<div class=\"elementor-widget-container\">\n\t\t\t<h2 class=\"elementor-heading-title elementor-size-default\">Allgemeine Gesch\u00e4ftsbedingungen<\/h2>\t\t<\/div>\n\t\t\t\t<\/div>\n\t\t\t\t<div class=\"elementor-element elementor-element-54d8de5 elementor-widget elementor-widget-heading\" data-id=\"54d8de5\" data-element_type=\"widget\" data-widget_type=\"heading.default\">\n\t\t\t\t<div class=\"elementor-widget-container\">\n\t\t\t<h4 class=\"elementor-heading-title elementor-size-default\">I. Geltungsbereich<\/h4>\t\t<\/div>\n\t\t\t\t<\/div>\n\t\t\t\t<div class=\"elementor-element elementor-element-d12532b elementor-widget elementor-widget-text-editor\" data-id=\"d12532b\" data-element_type=\"widget\" data-widget_type=\"text-editor.default\">\n\t\t\t\t<div class=\"elementor-widget-container\">\n\t\t\t<style>\/*! elementor - v3.8.1 - 13-11-2022 *\/\n.elementor-widget-text-editor.elementor-drop-cap-view-stacked .elementor-drop-cap{background-color:#818a91;color:#fff}.elementor-widget-text-editor.elementor-drop-cap-view-framed .elementor-drop-cap{color:#818a91;border:3px solid;background-color:transparent}.elementor-widget-text-editor:not(.elementor-drop-cap-view-default) .elementor-drop-cap{margin-top:8px}.elementor-widget-text-editor:not(.elementor-drop-cap-view-default) .elementor-drop-cap-letter{width:1em;height:1em}.elementor-widget-text-editor .elementor-drop-cap{float:left;text-align:center;line-height:1;font-size:50px}.elementor-widget-text-editor .elementor-drop-cap-letter{display:inline-block}<\/style>\t\t\t\t<p>1. F\u00fcr s\u00e4mtliche Vertr\u00e4ge, auch f\u00fcr k\u00fcnftige, der Support Studios Frankfurt GmbH (nachfolgend \u201eSupport Studios\u201c genannt) mit dem Vertragspartner (nachfolgend \u201eAuftraggeber\u201c genannt) gelten ausschlie\u00dflich die nachfolgenden Allgemeinen Gesch\u00e4ftsbedingungen (nachfolgend \u201eAGB\u201c genannt). Abweichende Allgemeine Gesch\u00e4ftsbedingungen des Auftraggebers gelten nicht.<\/p><p>\u00a0<\/p><p>2. Diese AGB gelten nur f\u00fcr Rechtsgesch\u00e4fte mit Personen, die in Aus\u00fcbung ihrer gewerblichen oder selbst\u00e4ndigen beruflichen T\u00e4tigkeit handeln (Unternehmer im Sinne von \u00a7 14 BGB). Hierzu z\u00e4hlen auch juristische Personen des \u00f6ffentlichen Rechts sowie \u00f6ffentlich-rechtliche Sonderverm\u00f6gen.<\/p><p>\u00a0<\/p><p>3. Die AGB finden immer Anwendung, sofern nichts anderes schriftlich vereinbart wurde.<\/p>\t\t\t\t\t\t<\/div>\n\t\t\t\t<\/div>\n\t\t\t\t<div class=\"elementor-element elementor-element-8e09140 elementor-widget elementor-widget-heading\" data-id=\"8e09140\" data-element_type=\"widget\" data-widget_type=\"heading.default\">\n\t\t\t\t<div class=\"elementor-widget-container\">\n\t\t\t<h4 class=\"elementor-heading-title elementor-size-default\">II.Angebot, Vertragsschluss und Leistungsumfang <\/h4>\t\t<\/div>\n\t\t\t\t<\/div>\n\t\t\t\t<div class=\"elementor-element elementor-element-b948f8c elementor-widget elementor-widget-text-editor\" data-id=\"b948f8c\" data-element_type=\"widget\" data-widget_type=\"text-editor.default\">\n\t\t\t\t<div class=\"elementor-widget-container\">\n\t\t\t\t\t\t\t<p>1. Vertragsangebote von Support Studios sind freibleibend und unverbindlich. Sie dienen ausschlie\u00dflich der Entscheidungsfindung des Auftraggebers \u00fcber die Auftragsvergabe des angebotenen Projekts und d\u00fcrfen nur mit Zustimmung von Support Studios ver\u00f6ffentlicht oder an Dritte weitergegeben werden. Die angegebenen Fristen und Termine sind nur verbindlich, wenn dies ausdr\u00fccklich vereinbart wurde.<\/p><p>\u00a0<\/p><p>2. Gegenstand des Auftrages ist die vereinbarte, im Vertrag\/Auftrag bezeichnete Rekrutierungst\u00e4tigkeit und Anmietung von R\u00e4umlichkeiten, nicht die Erzielung eines bestimmten wirtschaftlichen Erfolges.<\/p><p>\u00a0<\/p><p>3. Der Auftrag kommt verbindlich mit der Auftragsbest\u00e4tigung des Auftraggebers, sp\u00e4testens mit dem Beginn der Leistungen von Support Studios zustande. Support Studios kann sich zur Durchf\u00fchrung des Auftrages sachverst\u00e4ndiger Personen bedienen.<\/p><p>\u00a0<\/p><p>4. Ma\u00dfgebend f\u00fcr den Inhalt des Vertrages sind das Angebot und die Auftragsbest\u00e4tigung von Support Studios sowie diese AGBs. Nachtr\u00e4gliche \u00c4nderungen, Erg\u00e4nzungen oder Nebenabreden zum Vertrag m\u00fcssen schriftlich vereinbart werden.<\/p><p>\u00a0<\/p><p>5. Support Studios stimmt sich mit dem Auftraggeber \u00fcber die zu treffenden Ma\u00dfnahmen ab und legt ihm, soweit dies nach dem Ermessen von Support Studios erforderlich ist, einen Entwurf der vorgesehenen Terminpl\u00e4ne zur Information und Stellungnahme vor.<\/p><p>\u00a0<\/p><p>6. Support Studios wird auf Wunsch dem Auftraggeber die erforderlichen Ausk\u00fcnfte \u00fcber den Stand der Dienstleistung\/Beratung erteilen. Ausf\u00fchrliche, schriftliche Berichte f\u00fcr Dritte hat Support Studios nur dann zu erstellen, wenn dies gesondert vereinbart wurde.<\/p><p>\u00a0<\/p><p>7. Bei der Anzahl der in Rechnung zu stellenden Teilnehmer je Studie handelt es sich grunds\u00e4tzlich um die Brutto-Teilnehmeranzahl pro Studie.<\/p>\t\t\t\t\t\t<\/div>\n\t\t\t\t<\/div>\n\t\t\t\t<div class=\"elementor-element elementor-element-2ea0564 elementor-widget elementor-widget-heading\" data-id=\"2ea0564\" data-element_type=\"widget\" data-widget_type=\"heading.default\">\n\t\t\t\t<div class=\"elementor-widget-container\">\n\t\t\t<h4 class=\"elementor-heading-title elementor-size-default\">III. Mitwirkungspflichten des Auftraggebers <\/h4>\t\t<\/div>\n\t\t\t\t<\/div>\n\t\t\t\t<div class=\"elementor-element elementor-element-a8b07a0 elementor-widget elementor-widget-text-editor\" data-id=\"a8b07a0\" data-element_type=\"widget\" data-widget_type=\"text-editor.default\">\n\t\t\t\t<div class=\"elementor-widget-container\">\n\t\t\t\t\t\t\t<p>1. Support Studios und der Auftraggeber informieren sich unverz\u00fcglich und wechselseitig auf Basis einer vertrauensvollen Zusammenarbeit \u00fcber alle Umst\u00e4nde, die f\u00fcr die Durchf\u00fchrung eines Projektes von Bedeutung sind.<\/p><p>\u00a0<\/p><p>2. Bei Rekrutierungsauftr\u00e4gen hat der Auftraggeber alle f\u00fcr die Auftragsdurchf\u00fchrung erforderlichen Informationen, Unterlagen und Daten zur Verf\u00fcgung zu stellen. Die vom Auftraggeber oder von Dritten gelieferten Daten werden von Support Studios auf Plausibilit\u00e4t gepr\u00fcft. F\u00fcr die Richtigkeit dieser Daten haftet Support Studios nicht.<\/p><p>\u00a0<\/p><p>3. \u00c4nderungs- und Erg\u00e4nzungsw\u00fcnsche f\u00fcr den Untersuchungsvorschlag sind Studio Studios unverz\u00fcglich mitzuteilen und alle f\u00fcr die sachgem\u00e4\u00dfe Durchf\u00fchrung des Auftrags erforderlichen Informationen und Unterlagen rechtzeitig und kostenlos zu \u00fcbergeben. Verletzt der Auftraggeber diese Verpflichtungen, hat er die hieraus resultierenden Mehrkosten von Support Studios zu tragen.<\/p><p>\u00a0<\/p><p>4. Der Auftraggeber sichert zu, dass die beabsichtigten Ma\u00dfnahmen sowie die Ver\u00f6ffentlichung und Verwendung ihrer Ergebnisse rechtlich, insbesondere wettbewerbsrechtlich zul\u00e4ssig sind und die Durchf\u00fchrung der Umfrage und die Verwendung und Ver\u00f6ffentlichung der Ergebnisse keine Rechte Dritter verletzt. Sofern gegen Support Studios Anspr\u00fcche geltend gemacht werden, weil der Auftraggeber die ordnungsgem\u00e4\u00df gewonnenen Ergebnisse vors\u00e4tzlich oder fahrl\u00e4ssig rechtswidrig verwendet hat (z. B. rechtswidrig und\/oder falsch mit ihnen wirbt), stellt der Auftraggeber Support Studios von allen Anspr\u00fcchen frei.<\/p>\t\t\t\t\t\t<\/div>\n\t\t\t\t<\/div>\n\t\t\t\t<div class=\"elementor-element elementor-element-f9783b4 elementor-widget elementor-widget-heading\" data-id=\"f9783b4\" data-element_type=\"widget\" data-widget_type=\"heading.default\">\n\t\t\t\t<div class=\"elementor-widget-container\">\n\t\t\t<h4 class=\"elementor-heading-title elementor-size-default\">IV. Preise und Zahlungsbedingungen <\/h4>\t\t<\/div>\n\t\t\t\t<\/div>\n\t\t\t\t<div class=\"elementor-element elementor-element-646719b elementor-widget elementor-widget-text-editor\" data-id=\"646719b\" data-element_type=\"widget\" data-widget_type=\"text-editor.default\">\n\t\t\t\t<div class=\"elementor-widget-container\">\n\t\t\t\t\t\t\t<p>1. Ma\u00dfgebend f\u00fcr die im Untersuchungsvorschlag angebotenen Leistungen ist der in der Auftragsbest\u00e4tigung von Support Studios genannte Preis zuz\u00fcglich Umsatzsteuer. Dar\u00fcber hinaus gehende, vom Auftraggeber gew\u00fcnschte Leistungen, sind gesondert nach den \u00fcblichen Preisen und Tagess\u00e4tzen von Support Studios zu verg\u00fcten.<\/p><p>\u00a0<\/p><p>2. Support Studios hat das Recht, seine Forderungen gegen den Auftraggeber zum Zwecke der Finanzierung an Dritte abzutreten. Zahlungen auf End- und Abschlagsrechnungen haben innerhalb von 20 Tagen nach Rechnungsdatum ohne Abzug auf eines der von Support Studios benannten Konten zu erfolgen. Eine Zahlung gilt erst dann als erbracht, wenn Support Studios bzw. die Finanzierungsgesellschaft dar\u00fcber endg\u00fcltig verf\u00fcgen kann. Bei versp\u00e4teter Zahlung stehen Support Studios Verzugszinsen i.H.v. acht Prozentpunkten \u00fcber dem Basiszins zu. Bei Zahlungsverzug werden Zinsen gem. \u00a7 288 Abs. 2 BGB berechnet. Das Recht, einen weitergehenden Verzugsschaden geltend zu machen, bleibt hiervon unber\u00fchrt.<\/p><p>\u00a0<\/p><p>3. Der Auftraggeber kann nur mit unbestrittenen oder rechtskr\u00e4ftig festgestellten Forderungen aufrechnen. Dies gilt auch f\u00fcr die Geltendmachung von Zur\u00fcckbehaltungsrechten.<\/p>\t\t\t\t\t\t<\/div>\n\t\t\t\t<\/div>\n\t\t\t\t<div class=\"elementor-element elementor-element-0858a7f elementor-widget elementor-widget-heading\" data-id=\"0858a7f\" data-element_type=\"widget\" data-widget_type=\"heading.default\">\n\t\t\t\t<div class=\"elementor-widget-container\">\n\t\t\t<h4 class=\"elementor-heading-title elementor-size-default\">V. Geheimhaltung\/Datenschutz <\/h4>\t\t<\/div>\n\t\t\t\t<\/div>\n\t\t\t\t<div class=\"elementor-element elementor-element-dbdab01 elementor-widget elementor-widget-text-editor\" data-id=\"dbdab01\" data-element_type=\"widget\" data-widget_type=\"text-editor.default\">\n\t\t\t\t<div class=\"elementor-widget-container\">\n\t\t\t\t\t\t\t<p>1. Support Studios ist verpflichtet, \u00fcber alle Informationen mit vertraulichem Charakter, die ihr im Zusammenhang mit ihrer T\u00e4tigkeit f\u00fcr den Auftraggeber bekannt werden, insbesondere \u00fcber Gesch\u00e4fts- und Betriebsgeheimnisse, Stillschweigen zu wahren und diese nicht ohne Einwilligung des Auftraggebers an Dritte weiterzugeben. Die Pflicht zur Vertraulichkeit besteht auch \u00fcber die Beendigung des Auftrages hinaus.<\/p><p>\u00a0<\/p><p>2. Dem Auftraggeber ist bekannt, dass im Zusammenhang mit Vertragsverhandlungen und Gesch\u00e4ftsabschl\u00fcssen vom Studio personenbezogene Daten gespeichert und verarbeitet werden. Der Auftraggeber verzichtet auf eine Benachrichtigung nach der DSGVO.<\/p>\t\t\t\t\t\t<\/div>\n\t\t\t\t<\/div>\n\t\t\t\t<div class=\"elementor-element elementor-element-eba5635 elementor-widget elementor-widget-heading\" data-id=\"eba5635\" data-element_type=\"widget\" data-widget_type=\"heading.default\">\n\t\t\t\t<div class=\"elementor-widget-container\">\n\t\t\t<h4 class=\"elementor-heading-title elementor-size-default\">VI. Wettbewerbst\u00e4tigkeit <\/h4>\t\t<\/div>\n\t\t\t\t<\/div>\n\t\t\t\t<div class=\"elementor-element elementor-element-43891c4 elementor-widget elementor-widget-text-editor\" data-id=\"43891c4\" data-element_type=\"widget\" data-widget_type=\"text-editor.default\">\n\t\t\t\t<div class=\"elementor-widget-container\">\n\t\t\t\t\t\t\t<p>Ohne eine besondere Vereinbarung ist das Studio nicht daran gehindert, w\u00e4hrend oder im Anschluss an den mit dem Auftraggeber geschlossenen Vertrag f\u00fcr Konkurrenten des Auftraggebers t\u00e4tig zu werden.<\/p>\t\t\t\t\t\t<\/div>\n\t\t\t\t<\/div>\n\t\t\t\t<div class=\"elementor-element elementor-element-1a2d8fa elementor-widget elementor-widget-heading\" data-id=\"1a2d8fa\" data-element_type=\"widget\" data-widget_type=\"heading.default\">\n\t\t\t\t<div class=\"elementor-widget-container\">\n\t\t\t<h4 class=\"elementor-heading-title elementor-size-default\">VII. Exklusivit\u00e4t <\/h4>\t\t<\/div>\n\t\t\t\t<\/div>\n\t\t\t\t<div class=\"elementor-element elementor-element-ee38944 elementor-widget elementor-widget-text-editor\" data-id=\"ee38944\" data-element_type=\"widget\" data-widget_type=\"text-editor.default\">\n\t\t\t\t<div class=\"elementor-widget-container\">\n\t\t\t\t\t\t\t<p>Support Studios gew\u00e4hrt keine Exklusivit\u00e4t f\u00fcr bestimmte Produktfelder, Untersuchungsgegenst\u00e4nde oder Untersuchungsmethoden, es sei denn, sie wird ausdr\u00fccklich und schriftlich vereinbart.<\/p>\t\t\t\t\t\t<\/div>\n\t\t\t\t<\/div>\n\t\t\t\t<div class=\"elementor-element elementor-element-332afa1 elementor-widget elementor-widget-heading\" data-id=\"332afa1\" data-element_type=\"widget\" data-widget_type=\"heading.default\">\n\t\t\t\t<div class=\"elementor-widget-container\">\n\t\t\t<h4 class=\"elementor-heading-title elementor-size-default\">VIII. Stornokosten <\/h4>\t\t<\/div>\n\t\t\t\t<\/div>\n\t\t\t\t<div class=\"elementor-element elementor-element-324e511 elementor-widget elementor-widget-text-editor\" data-id=\"324e511\" data-element_type=\"widget\" data-widget_type=\"text-editor.default\">\n\t\t\t\t<div class=\"elementor-widget-container\">\n\t\t\t\t\t\t\t<p>Bei Stornierung eines gebuchten Auftrags werden die bisher erbrachten Leistungen berechnet. Die Raum-Stornokosten berechnen sich wie folgt:<\/p><p>\u00a0<\/p><p>Ab dem 21. Tag (inkl.) vor Durchf\u00fchrung 50% Raumkosten<br \/>Ab dem 14. Tag (inkl.) vor Durchf\u00fchrung 75% Raumkosten<br \/>Ab dem 7. Tag (inkl.) vor Durchf\u00fchrung 100% Raumkosten<\/p><p>\u00a0<\/p><p>Alle best\u00e4tigten Rekrutierungen bis zum Tag der Stornierung werden zu 100% in Rechnung gestellt.<\/p><p>\u00a0<\/p><p>Bei Stornierung eines gebuchten Auftrags werden Incentives anteilig, wie folgt berechnet:<\/p><p><br \/>4-5 Tage vor Durchf\u00fchrung: 50% Incentive pro abgesagtem Teilnehmer<br \/>2-3 Tage vor Durchf\u00fchrung: 70% Incentive pro abgesagtem Teilnehmer<br \/>1 Tag vor Durchf\u00fchrung: 100% Incentive pro abgesagtem Teilnehmer<\/p><p>\u00a0<\/p><p>Stornokosten extern beauftragter Dienstleistungen, z.B. Schreibdienste, Dolmetscher u.a. werden ab Auftragserteilung anteilig, gem\u00e4\u00df den Stornobedingungen der externen Dienstleister, in Rechnung gestellt.<\/p>\t\t\t\t\t\t<\/div>\n\t\t\t\t<\/div>\n\t\t\t\t<div class=\"elementor-element elementor-element-354b78f elementor-widget elementor-widget-heading\" data-id=\"354b78f\" data-element_type=\"widget\" data-widget_type=\"heading.default\">\n\t\t\t\t<div class=\"elementor-widget-container\">\n\t\t\t<h4 class=\"elementor-heading-title elementor-size-default\">IX. Eigentumsvorbehalt <\/h4>\t\t<\/div>\n\t\t\t\t<\/div>\n\t\t\t\t<div class=\"elementor-element elementor-element-9f9fd4d elementor-widget elementor-widget-text-editor\" data-id=\"9f9fd4d\" data-element_type=\"widget\" data-widget_type=\"text-editor.default\">\n\t\t\t\t<div class=\"elementor-widget-container\">\n\t\t\t\t\t\t\t<p>Das Eigentum an \u00fcbergebenen Erhebungsdaten an den Auftraggeber geht erst auf den Auftraggeber \u00fcber, sobald alle Forderungen erf\u00fcllt vom Auftraggeber beglichen sind.<\/p>\t\t\t\t\t\t<\/div>\n\t\t\t\t<\/div>\n\t\t\t\t<div class=\"elementor-element elementor-element-63119fc elementor-widget elementor-widget-heading\" data-id=\"63119fc\" data-element_type=\"widget\" data-widget_type=\"heading.default\">\n\t\t\t\t<div class=\"elementor-widget-container\">\n\t\t\t<h4 class=\"elementor-heading-title elementor-size-default\">X. Anwendbares Recht, Erf\u00fcllungsort, Gerichtsstand <\/h4>\t\t<\/div>\n\t\t\t\t<\/div>\n\t\t\t\t<div class=\"elementor-element elementor-element-096c777 elementor-widget elementor-widget-text-editor\" data-id=\"096c777\" data-element_type=\"widget\" data-widget_type=\"text-editor.default\">\n\t\t\t\t<div class=\"elementor-widget-container\">\n\t\t\t\t\t\t\t<p>1. Der Vertrag unterliegt ausschlie\u00dflich deutschem Recht unter Ausschluss des \u00dcbereinkommens der Vereinten Nationen \u00fcber Vertr\u00e4ge betreffend den Internationalen Warenkauf (CISG).<\/p><p><span style=\"background-color: transparent; color: var( --e-global-color-text );\">\u00a0<\/span><\/p><p><span style=\"background-color: transparent; color: var( --e-global-color-text );\">2. Erf\u00fcllungsort f\u00fcr unsere Lieferungen und Leistungen f\u00fcr die Support Studios Frankfurt GmbH ist unser Firmensitz in Frankfurt. Unser Firmensitz ist auch Zahlungsort f\u00fcr den Auftraggeber.<\/span><\/p><p><span style=\"background-color: transparent; color: var( --e-global-color-text );\">\u00a0<\/span><\/p><p><span style=\"background-color: transparent; color: var( --e-global-color-text );\">3. Ausschlie\u00dflicher Gerichtsstand f\u00fcr alle sich aus dem Vertragsverh\u00e4ltnis unmittelbar oder mittelbar ergebenden Streitigkeiten ist Frankfurt. Wir haben jedoch auch das Recht, den Auftraggeber an seinem allgemeinen Gerichtsstand zu verklagen. Dies gilt auch bei grenz\u00fcberschreitenden Gesch\u00e4ften.<\/span><\/p>\t\t\t\t\t\t<\/div>\n\t\t\t\t<\/div>\n\t\t\t\t<div class=\"elementor-element elementor-element-7af19b7 elementor-widget elementor-widget-text-editor\" data-id=\"7af19b7\" data-element_type=\"widget\" data-widget_type=\"text-editor.default\">\n\t\t\t\t<div class=\"elementor-widget-container\">\n\t\t\t\t\t\t\t<p>Stand Oktober 2023<\/p>\t\t\t\t\t\t<\/div>\n\t\t\t\t<\/div>\n\t\t\t\t\t<\/div>\n\t\t<\/div>\n\t\t\t\t\t\t\t<\/div>\n\t\t<\/section>\n\t\t\t\t\t\t\t<\/div>\n\t\t","protected":false},"excerpt":{"rendered":"<p>Vertragsbestimmungen Allgemeine Gesch\u00e4ftsbedingungen I. Geltungsbereich 1. F\u00fcr s\u00e4mtliche Vertr\u00e4ge, auch f\u00fcr k\u00fcnftige, der Support Studios Frankfurt GmbH (nachfolgend \u201eSupport Studios\u201c genannt) mit dem Vertragspartner (nachfolgend \u201eAuftraggeber\u201c genannt) gelten ausschlie\u00dflich die nachfolgenden Allgemeinen Gesch\u00e4ftsbedingungen (nachfolgend \u201eAGB\u201c genannt). Abweichende Allgemeine Gesch\u00e4ftsbedingungen des Auftraggebers gelten nicht. 2. Diese AGB gelten nur f\u00fcr Rechtsgesch\u00e4fte mit Personen, die in Aus\u00fcbung [&hellip;]<\/p>\n","protected":false},"author":1,"featured_media":0,"parent":0,"menu_order":0,"comment_status":"closed","ping_status":"closed","template":"","meta":{"_acf_changed":false,"footnotes":""},"class_list":["post-4006","page","type-page","status-publish","hentry"],"acf":[],"_links":{"self":[{"href":"https:\/\/www.support-studios.com\/de\/wp-json\/wp\/v2\/pages\/4006","targetHints":{"allow":["GET"]}}],"collection":[{"href":"https:\/\/www.support-studios.com\/de\/wp-json\/wp\/v2\/pages"}],"about":[{"href":"https:\/\/www.support-studios.com\/de\/wp-json\/wp\/v2\/types\/page"}],"author":[{"embeddable":true,"href":"https:\/\/www.support-studios.com\/de\/wp-json\/wp\/v2\/users\/1"}],"replies":[{"embeddable":true,"href":"https:\/\/www.support-studios.com\/de\/wp-json\/wp\/v2\/comments?post=4006"}],"version-history":[{"count":1,"href":"https:\/\/www.support-studios.com\/de\/wp-json\/wp\/v2\/pages\/4006\/revisions"}],"predecessor-version":[{"id":4570,"href":"https:\/\/www.support-studios.com\/de\/wp-json\/wp\/v2\/pages\/4006\/revisions\/4570"}],"wp:attachment":[{"href":"https:\/\/www.support-studios.com\/de\/wp-json\/wp\/v2\/media?parent=4006"}],"curies":[{"name":"wp","href":"https:\/\/api.w.org\/{rel}","templated":true}]}}