{"id":4001,"date":"2022-11-29T04:25:55","date_gmt":"2022-11-29T04:25:55","guid":{"rendered":"https:\/\/www.support-studios.com\/panel\/"},"modified":"2024-10-01T12:03:40","modified_gmt":"2024-10-01T12:03:40","slug":"panel","status":"publish","type":"page","link":"https:\/\/www.support-studios.com\/de\/panel\/","title":{"rendered":"Panel"},"content":{"rendered":"\t\t<div data-elementor-type=\"wp-post\" data-elementor-id=\"4001\" class=\"elementor elementor-4001\">\n\t\t\t\t\t\t\t\t\t<section class=\"elementor-section elementor-top-section elementor-element elementor-element-6ec8074 elementor-section-boxed elementor-section-height-default elementor-section-height-default\" data-id=\"6ec8074\" data-element_type=\"section\" data-settings=\"{&quot;background_background&quot;:&quot;classic&quot;}\">\n\t\t\t\t\t\t<div class=\"elementor-container elementor-column-gap-no\">\n\t\t\t\t\t<div class=\"elementor-column elementor-col-100 elementor-top-column elementor-element elementor-element-fa60d02\" data-id=\"fa60d02\" data-element_type=\"column\">\n\t\t\t<div class=\"elementor-widget-wrap elementor-element-populated\">\n\t\t\t\t\t\t\t\t<div class=\"elementor-element elementor-element-ef68ce1 elementor-widget elementor-widget-heading\" data-id=\"ef68ce1\" data-element_type=\"widget\" data-widget_type=\"heading.default\">\n\t\t\t\t<div class=\"elementor-widget-container\">\n\t\t\t<style>\/*! elementor - v3.8.1 - 13-11-2022 *\/\n.elementor-heading-title{padding:0;margin:0;line-height:1}.elementor-widget-heading .elementor-heading-title[class*=elementor-size-]>a{color:inherit;font-size:inherit;line-height:inherit}.elementor-widget-heading .elementor-heading-title.elementor-size-small{font-size:15px}.elementor-widget-heading .elementor-heading-title.elementor-size-medium{font-size:19px}.elementor-widget-heading .elementor-heading-title.elementor-size-large{font-size:29px}.elementor-widget-heading .elementor-heading-title.elementor-size-xl{font-size:39px}.elementor-widget-heading .elementor-heading-title.elementor-size-xxl{font-size:59px}<\/style><h4 class=\"elementor-heading-title elementor-size-default\">Gezielt hochwertig rekrutieren<\/h4>\t\t<\/div>\n\t\t\t\t<\/div>\n\t\t\t\t<section class=\"elementor-section elementor-inner-section elementor-element elementor-element-1d0b159 elementor-section-boxed elementor-section-height-default elementor-section-height-default\" data-id=\"1d0b159\" data-element_type=\"section\">\n\t\t\t\t\t\t<div class=\"elementor-container elementor-column-gap-no\">\n\t\t\t\t\t<div class=\"elementor-column elementor-col-50 elementor-inner-column elementor-element elementor-element-3a309f6\" data-id=\"3a309f6\" data-element_type=\"column\">\n\t\t\t<div class=\"elementor-widget-wrap elementor-element-populated\">\n\t\t\t\t\t\t\t\t<div class=\"elementor-element elementor-element-f3bd621 elementor-widget elementor-widget-heading\" data-id=\"f3bd621\" data-element_type=\"widget\" data-widget_type=\"heading.default\">\n\t\t\t\t<div class=\"elementor-widget-container\">\n\t\t\t<h2 class=\"elementor-heading-title elementor-size-default\">On-Point Rekrutierung durch einzigartige Panel-Technologie<\/h2>\t\t<\/div>\n\t\t\t\t<\/div>\n\t\t\t\t\t<\/div>\n\t\t<\/div>\n\t\t\t\t<div class=\"elementor-column elementor-col-50 elementor-inner-column elementor-element elementor-element-05f32ca\" data-id=\"05f32ca\" data-element_type=\"column\">\n\t\t\t<div class=\"elementor-widget-wrap elementor-element-populated\">\n\t\t\t\t\t\t\t\t<div class=\"elementor-element elementor-element-0bf2b1b elementor-widget elementor-widget-text-editor\" data-id=\"0bf2b1b\" data-element_type=\"widget\" data-widget_type=\"text-editor.default\">\n\t\t\t\t<div class=\"elementor-widget-container\">\n\t\t\t<style>\/*! elementor - v3.8.1 - 13-11-2022 *\/\n.elementor-widget-text-editor.elementor-drop-cap-view-stacked .elementor-drop-cap{background-color:#818a91;color:#fff}.elementor-widget-text-editor.elementor-drop-cap-view-framed .elementor-drop-cap{color:#818a91;border:3px solid;background-color:transparent}.elementor-widget-text-editor:not(.elementor-drop-cap-view-default) .elementor-drop-cap{margin-top:8px}.elementor-widget-text-editor:not(.elementor-drop-cap-view-default) .elementor-drop-cap-letter{width:1em;height:1em}.elementor-widget-text-editor .elementor-drop-cap{float:left;text-align:center;line-height:1;font-size:50px}.elementor-widget-text-editor .elementor-drop-cap-letter{display:inline-block}<\/style>\t\t\t\t<p>Die gezielte Rekrutierung hochwertiger Studienteilnehmer durch unsere einmalige Panel-Technologie erm\u00f6glicht es uns, permanent neue Probanden zu sourcen, und eine entsprechende Vielfalt und F\u00fclle in unserem Teilnehmer-Pool abzubilden sowie \u00fcber eine best\u00e4ndig wachsende Datenbank zu verf\u00fcgen. Mit diesem innovativen Akquise-Verfahren k\u00f6nnen wir eine punktgenaue Zielgruppen-Rekrutierung sicherstellen sowie auch die hohe Qualit\u00e4t unserer handverlesenen Probanden-Datenbank wahren.<\/p><p>\u00a0<\/p><p>Die vorhandene Probanden-N\u00e4he schafft ein famili\u00e4res Umfeld, welches von den zu befragenden Personen als weniger intrusiv wahrgenommen wird und wodurch nicht nur Vertrauen und \u00d6ffnung m\u00f6glich gemacht, sondern auch f\u00fcr eine h\u00f6here Interview-Bereitschaft gesorgt wird.<\/p>\t\t\t\t\t\t<\/div>\n\t\t\t\t<\/div>\n\t\t\t\t\t<\/div>\n\t\t<\/div>\n\t\t\t\t\t\t\t<\/div>\n\t\t<\/section>\n\t\t\t\t\t<\/div>\n\t\t<\/div>\n\t\t\t\t\t\t\t<\/div>\n\t\t<\/section>\n\t\t\t\t<section class=\"elementor-section elementor-top-section elementor-element elementor-element-ac22122 elementor-section-boxed elementor-section-height-default elementor-section-height-default\" data-id=\"ac22122\" data-element_type=\"section\">\n\t\t\t\t\t\t<div class=\"elementor-container elementor-column-gap-no\">\n\t\t\t\t\t<div class=\"elementor-column elementor-col-100 elementor-top-column elementor-element elementor-element-ac8b280\" data-id=\"ac8b280\" data-element_type=\"column\">\n\t\t\t<div class=\"elementor-widget-wrap elementor-element-populated\">\n\t\t\t\t\t\t\t\t<section class=\"elementor-section elementor-inner-section elementor-element elementor-element-db6ce82 elementor-section-boxed elementor-section-height-default elementor-section-height-default\" data-id=\"db6ce82\" data-element_type=\"section\">\n\t\t\t\t\t\t<div class=\"elementor-container elementor-column-gap-no\">\n\t\t\t\t\t<div class=\"elementor-column elementor-col-50 elementor-inner-column elementor-element elementor-element-2436ac8\" data-id=\"2436ac8\" data-element_type=\"column\">\n\t\t\t<div class=\"elementor-widget-wrap elementor-element-populated\">\n\t\t\t\t\t\t\t\t<div class=\"elementor-element elementor-element-c4627f4 elementor-widget elementor-widget-image\" data-id=\"c4627f4\" data-element_type=\"widget\" data-widget_type=\"image.default\">\n\t\t\t\t<div class=\"elementor-widget-container\">\n\t\t\t<style>\/*! elementor - v3.8.1 - 13-11-2022 *\/\n.elementor-widget-image{text-align:center}.elementor-widget-image a{display:inline-block}.elementor-widget-image a img[src$=\".svg\"]{width:48px}.elementor-widget-image img{vertical-align:middle;display:inline-block}<\/style>\t\t\t\t\t\t\t\t\t\t\t\t<img loading=\"lazy\" decoding=\"async\" width=\"1547\" height=\"849\" src=\"https:\/\/www.support-studios.com\/wp-content\/uploads\/2023\/04\/01_panel_gross_links-min.jpg\" class=\"attachment-full size-full\" alt=\"\" srcset=\"https:\/\/www.support-studios.com\/wp-content\/uploads\/2023\/04\/01_panel_gross_links-min.jpg 1547w, https:\/\/www.support-studios.com\/wp-content\/uploads\/2023\/04\/01_panel_gross_links-min-300x165.jpg 300w, https:\/\/www.support-studios.com\/wp-content\/uploads\/2023\/04\/01_panel_gross_links-min-1024x562.jpg 1024w, https:\/\/www.support-studios.com\/wp-content\/uploads\/2023\/04\/01_panel_gross_links-min-768x421.jpg 768w, https:\/\/www.support-studios.com\/wp-content\/uploads\/2023\/04\/01_panel_gross_links-min-1536x843.jpg 1536w\" sizes=\"auto, (max-width: 1547px) 100vw, 1547px\" \/>\t\t\t\t\t\t\t\t\t\t\t\t\t\t\t<\/div>\n\t\t\t\t<\/div>\n\t\t\t\t\t<\/div>\n\t\t<\/div>\n\t\t\t\t<div class=\"elementor-column elementor-col-50 elementor-inner-column elementor-element elementor-element-9cb92bf\" data-id=\"9cb92bf\" data-element_type=\"column\">\n\t\t\t<div class=\"elementor-widget-wrap elementor-element-populated\">\n\t\t\t\t\t\t\t\t<div class=\"elementor-element elementor-element-e4e814a elementor-widget elementor-widget-image\" data-id=\"e4e814a\" data-element_type=\"widget\" data-widget_type=\"image.default\">\n\t\t\t\t<div class=\"elementor-widget-container\">\n\t\t\t\t\t\t\t\t\t\t\t\t\t\t\t<img loading=\"lazy\" decoding=\"async\" width=\"754\" height=\"849\" src=\"https:\/\/www.support-studios.com\/wp-content\/uploads\/2023\/04\/02_panel_klein_rechts-min.jpg\" class=\"attachment-full size-full\" alt=\"\" srcset=\"https:\/\/www.support-studios.com\/wp-content\/uploads\/2023\/04\/02_panel_klein_rechts-min.jpg 754w, https:\/\/www.support-studios.com\/wp-content\/uploads\/2023\/04\/02_panel_klein_rechts-min-266x300.jpg 266w\" sizes=\"auto, (max-width: 754px) 100vw, 754px\" \/>\t\t\t\t\t\t\t\t\t\t\t\t\t\t\t<\/div>\n\t\t\t\t<\/div>\n\t\t\t\t\t<\/div>\n\t\t<\/div>\n\t\t\t\t\t\t\t<\/div>\n\t\t<\/section>\n\t\t\t\t\t<\/div>\n\t\t<\/div>\n\t\t\t\t\t\t\t<\/div>\n\t\t<\/section>\n\t\t\t\t<section class=\"elementor-section elementor-top-section elementor-element elementor-element-9dfedfe elementor-section-boxed elementor-section-height-default elementor-section-height-default\" data-id=\"9dfedfe\" data-element_type=\"section\" data-settings=\"{&quot;background_background&quot;:&quot;classic&quot;}\">\n\t\t\t\t\t\t<div class=\"elementor-container elementor-column-gap-no\">\n\t\t\t\t\t<div class=\"elementor-column elementor-col-100 elementor-top-column elementor-element elementor-element-1febbee\" data-id=\"1febbee\" data-element_type=\"column\">\n\t\t\t<div class=\"elementor-widget-wrap elementor-element-populated\">\n\t\t\t\t\t\t\t\t<section class=\"elementor-section elementor-inner-section elementor-element elementor-element-1f7c635 elementor-section-boxed elementor-section-height-default elementor-section-height-default\" data-id=\"1f7c635\" data-element_type=\"section\">\n\t\t\t\t\t\t<div class=\"elementor-container elementor-column-gap-no\">\n\t\t\t\t\t<div class=\"elementor-column elementor-col-50 elementor-inner-column elementor-element elementor-element-5874578\" data-id=\"5874578\" data-element_type=\"column\">\n\t\t\t<div class=\"elementor-widget-wrap elementor-element-populated\">\n\t\t\t\t\t\t\t\t<div class=\"elementor-element elementor-element-e0ee9f8 breakhd elementor-widget elementor-widget-heading\" data-id=\"e0ee9f8\" data-element_type=\"widget\" data-widget_type=\"heading.default\">\n\t\t\t\t<div class=\"elementor-widget-container\">\n\t\t\t<h2 class=\"elementor-heading-title elementor-size-default\">Effektive Rekrutierung, qualitativ hochwertige Daten und Erkenntnisse<\/h2>\t\t<\/div>\n\t\t\t\t<\/div>\n\t\t\t\t\t<\/div>\n\t\t<\/div>\n\t\t\t\t<div class=\"elementor-column elementor-col-50 elementor-inner-column elementor-element elementor-element-442a0f9\" data-id=\"442a0f9\" data-element_type=\"column\">\n\t\t\t<div class=\"elementor-widget-wrap elementor-element-populated\">\n\t\t\t\t\t\t\t\t<div class=\"elementor-element elementor-element-2848297 elementor-widget elementor-widget-text-editor\" data-id=\"2848297\" data-element_type=\"widget\" data-widget_type=\"text-editor.default\">\n\t\t\t\t<div class=\"elementor-widget-container\">\n\t\t\t\t\t\t\t<p>Auch schwierigere Zielgruppen oder hohe Fallzahlen k\u00f6nnen dank qualitativer digitaler und telefonischer Rekrutierung, merkmalreichen Datens\u00e4tzen sowie einem effizienten Datenmanagement gezielt und in k\u00fcrzester Zeit bew\u00e4ltigt werden.<\/p><p>\u00a0<\/p><p>Unser Akquise-Verfahren erm\u00f6glicht es uns, eine pr\u00e4zise Zielgruppen-Rekrutierung zu gew\u00e4hrleisten. Wir k\u00f6nnen spezifische Kriterien definieren und damit sicherstellen, dass wir die passenden Teilnehmer f\u00fcr jede Studie finden. Ob es um bestimmte demografische Merkmale, Interessen oder Erfahrungen geht &#8211; unsere Panel-Technologie macht es uns m\u00f6glich, die richtigen Personen f\u00fcr die jeweilige Befragung auszuw\u00e4hlen.<\/p><p>\u00a0<\/p><p>Dadurch k\u00f6nnen wir die hohe Qualit\u00e4t unserer handverlesenen Probanden-Datenbank beibehalten. Denn jeder potenzielle Teilnehmer durchl\u00e4uft einen sorgf\u00e4ltigen Auswahlprozess, um sicher zu gehen, dass er den Anforderungen der Studie entspricht. Wir pr\u00fcfen Hintergr\u00fcnde, Qualifikationen sowie die Eignung f\u00fcr die jeweilige Forschung.\u00a0<span style=\"color: var( --e-global-color-text ); letter-spacing: 0.24px; background-color: var( --e-global-color-651a158 );\">Unser Fokus liegt darauf, Forschern und Unternehmen eine zuverl\u00e4ssige Quelle hochwertiger Probanden zur Verf\u00fcgung zu stellen. Mit unserer Panel-Technologie und dem innovativen Akquise-Verfahren k\u00f6nnen wir gew\u00e4hrleisten, dass jede Studie mit einer geeigneten und vielf\u00e4ltigen Teilnehmergruppe durchgef\u00fchrt wird. So k\u00f6nnen Forschungsziele effektiv erreicht und wertvolle Erkenntnisse gewonnen werden.<\/span><\/p><p><span style=\"color: var( --e-global-color-text ); letter-spacing: 0.24px; background-color: var( --e-global-color-651a158 );\">\u00a0<\/span><\/p><p>Als Unternehmen sind wir stolz darauf, unseren Kunden die M\u00f6glichkeit zu bieten, auf eine umfangreiche und qualitativ hochwertige Datenbank zuzugreifen. Wir sind bestrebt, unsere Technologie kontinuierlich zu verbessern und unsere Reichweite zu erweitern, um noch mehr Forschungsprojekte zu unterst\u00fctzen und ma\u00dfgeschneiderte L\u00f6sungen anzubieten.<\/p>\t\t\t\t\t\t<\/div>\n\t\t\t\t<\/div>\n\t\t\t\t\t<\/div>\n\t\t<\/div>\n\t\t\t\t\t\t\t<\/div>\n\t\t<\/section>\n\t\t\t\t\t<\/div>\n\t\t<\/div>\n\t\t\t\t\t\t\t<\/div>\n\t\t<\/section>\n\t\t\t\t<section class=\"elementor-section elementor-top-section elementor-element elementor-element-3014ead elementor-section-boxed elementor-section-height-default elementor-section-height-default\" data-id=\"3014ead\" data-element_type=\"section\">\n\t\t\t\t\t\t<div class=\"elementor-container elementor-column-gap-no\">\n\t\t\t\t\t<div class=\"elementor-column elementor-col-100 elementor-top-column elementor-element elementor-element-b1e9a87\" data-id=\"b1e9a87\" data-element_type=\"column\">\n\t\t\t<div class=\"elementor-widget-wrap elementor-element-populated\">\n\t\t\t\t\t\t\t\t<section class=\"elementor-section elementor-inner-section elementor-element elementor-element-e711b8b elementor-section-boxed elementor-section-height-default elementor-section-height-default\" data-id=\"e711b8b\" data-element_type=\"section\">\n\t\t\t\t\t\t<div class=\"elementor-container elementor-column-gap-no\">\n\t\t\t\t\t<div class=\"elementor-column elementor-col-50 elementor-inner-column elementor-element elementor-element-12be964\" data-id=\"12be964\" data-element_type=\"column\">\n\t\t\t<div class=\"elementor-widget-wrap elementor-element-populated\">\n\t\t\t\t\t\t\t\t<div class=\"elementor-element elementor-element-ce0bcfa elementor-widget elementor-widget-image\" data-id=\"ce0bcfa\" data-element_type=\"widget\" data-widget_type=\"image.default\">\n\t\t\t\t<div class=\"elementor-widget-container\">\n\t\t\t\t\t\t\t\t\t\t\t\t\t\t\t<img loading=\"lazy\" decoding=\"async\" width=\"1544\" height=\"1101\" src=\"https:\/\/www.support-studios.com\/wp-content\/uploads\/2023\/05\/02_services_gross_links-min.jpg\" class=\"attachment-full size-full\" alt=\"\" srcset=\"https:\/\/www.support-studios.com\/wp-content\/uploads\/2023\/05\/02_services_gross_links-min.jpg 1544w, https:\/\/www.support-studios.com\/wp-content\/uploads\/2023\/05\/02_services_gross_links-min-300x214.jpg 300w, https:\/\/www.support-studios.com\/wp-content\/uploads\/2023\/05\/02_services_gross_links-min-1024x730.jpg 1024w, https:\/\/www.support-studios.com\/wp-content\/uploads\/2023\/05\/02_services_gross_links-min-768x548.jpg 768w, https:\/\/www.support-studios.com\/wp-content\/uploads\/2023\/05\/02_services_gross_links-min-1536x1095.jpg 1536w\" sizes=\"auto, (max-width: 1544px) 100vw, 1544px\" \/>\t\t\t\t\t\t\t\t\t\t\t\t\t\t\t<\/div>\n\t\t\t\t<\/div>\n\t\t\t\t<div class=\"elementor-element elementor-element-961aa59 elementor-widget elementor-widget-image\" data-id=\"961aa59\" data-element_type=\"widget\" data-widget_type=\"image.default\">\n\t\t\t\t<div class=\"elementor-widget-container\">\n\t\t\t\t\t\t\t\t\t\t\t\t\t\t\t<img loading=\"lazy\" decoding=\"async\" width=\"1116\" height=\"593\" src=\"https:\/\/www.support-studios.com\/wp-content\/uploads\/2023\/05\/01_panel_lang_unten-min.jpg\" class=\"attachment-full size-full\" alt=\"\" srcset=\"https:\/\/www.support-studios.com\/wp-content\/uploads\/2023\/05\/01_panel_lang_unten-min.jpg 1116w, https:\/\/www.support-studios.com\/wp-content\/uploads\/2023\/05\/01_panel_lang_unten-min-300x159.jpg 300w, https:\/\/www.support-studios.com\/wp-content\/uploads\/2023\/05\/01_panel_lang_unten-min-1024x544.jpg 1024w, https:\/\/www.support-studios.com\/wp-content\/uploads\/2023\/05\/01_panel_lang_unten-min-768x408.jpg 768w\" sizes=\"auto, (max-width: 1116px) 100vw, 1116px\" \/>\t\t\t\t\t\t\t\t\t\t\t\t\t\t\t<\/div>\n\t\t\t\t<\/div>\n\t\t\t\t\t<\/div>\n\t\t<\/div>\n\t\t\t\t<div class=\"elementor-column elementor-col-50 elementor-inner-column elementor-element elementor-element-a1ceb9b\" data-id=\"a1ceb9b\" data-element_type=\"column\">\n\t\t\t<div class=\"elementor-widget-wrap elementor-element-populated\">\n\t\t\t\t\t\t\t\t<div class=\"elementor-element elementor-element-c466c37 elementor-widget elementor-widget-image\" data-id=\"c466c37\" data-element_type=\"widget\" data-widget_type=\"image.default\">\n\t\t\t\t<div class=\"elementor-widget-container\">\n\t\t\t\t\t\t\t\t\t\t\t\t\t\t\t<img loading=\"lazy\" decoding=\"async\" width=\"746\" height=\"1117\" src=\"https:\/\/www.support-studios.com\/wp-content\/uploads\/2023\/05\/01_panel_hoch_rechts-min.jpg\" class=\"attachment-full size-full\" alt=\"\" srcset=\"https:\/\/www.support-studios.com\/wp-content\/uploads\/2023\/05\/01_panel_hoch_rechts-min.jpg 746w, https:\/\/www.support-studios.com\/wp-content\/uploads\/2023\/05\/01_panel_hoch_rechts-min-200x300.jpg 200w, https:\/\/www.support-studios.com\/wp-content\/uploads\/2023\/05\/01_panel_hoch_rechts-min-684x1024.jpg 684w\" sizes=\"auto, (max-width: 746px) 100vw, 746px\" \/>\t\t\t\t\t\t\t\t\t\t\t\t\t\t\t<\/div>\n\t\t\t\t<\/div>\n\t\t\t\t\t<\/div>\n\t\t<\/div>\n\t\t\t\t\t\t\t<\/div>\n\t\t<\/section>\n\t\t\t\t\t<\/div>\n\t\t<\/div>\n\t\t\t\t\t\t\t<\/div>\n\t\t<\/section>\n\t\t\t\t<section class=\"elementor-section elementor-top-section elementor-element elementor-element-58cbd66 elementor-section-boxed elementor-section-height-default elementor-section-height-default\" data-id=\"58cbd66\" data-element_type=\"section\">\n\t\t\t\t\t\t<div class=\"elementor-container elementor-column-gap-no\">\n\t\t\t\t\t<div class=\"elementor-column elementor-col-100 elementor-top-column elementor-element elementor-element-c342bfd\" data-id=\"c342bfd\" data-element_type=\"column\">\n\t\t\t<div class=\"elementor-widget-wrap elementor-element-populated\">\n\t\t\t\t\t\t\t\t<div class=\"elementor-element elementor-element-3941983 elementor-widget elementor-widget-heading\" data-id=\"3941983\" data-element_type=\"widget\" data-widget_type=\"heading.default\">\n\t\t\t\t<div class=\"elementor-widget-container\">\n\t\t\t<h4 class=\"elementor-heading-title elementor-size-default\">Vielfalt entdecken<\/h4>\t\t<\/div>\n\t\t\t\t<\/div>\n\t\t\t\t<div class=\"elementor-element elementor-element-1d40ffd panelhds elementor-widget elementor-widget-heading\" data-id=\"1d40ffd\" data-element_type=\"widget\" data-widget_type=\"heading.default\">\n\t\t\t\t<div class=\"elementor-widget-container\">\n\t\t\t<h2 class=\"elementor-heading-title elementor-size-default\">Lernen Sie unsere umfangreichen <br\/>\u2028Studio- und Service-M\u00f6glichkeiten kennen<\/h2>\t\t<\/div>\n\t\t\t\t<\/div>\n\t\t\t\t<section class=\"elementor-section elementor-inner-section elementor-element elementor-element-dab9f71 stud_btns elementor-section-boxed elementor-section-height-default elementor-section-height-default\" data-id=\"dab9f71\" data-element_type=\"section\">\n\t\t\t\t\t\t<div class=\"elementor-container elementor-column-gap-no\">\n\t\t\t\t\t<div class=\"elementor-column elementor-col-50 elementor-inner-column elementor-element elementor-element-14fcd16\" data-id=\"14fcd16\" data-element_type=\"column\">\n\t\t\t<div class=\"elementor-widget-wrap elementor-element-populated\">\n\t\t\t\t\t\t\t\t<div class=\"elementor-element elementor-element-ca43986 elementor-align-right fbtn elementor-widget elementor-widget-button\" data-id=\"ca43986\" data-element_type=\"widget\" data-widget_type=\"button.default\">\n\t\t\t\t<div class=\"elementor-widget-container\">\n\t\t\t\t\t<div class=\"elementor-button-wrapper\">\n\t\t\t<a href=\"https:\/\/www.support-studios.com\/services\/\" class=\"elementor-button-link elementor-button elementor-size-sm\" role=\"button\">\n\t\t\t\t\t\t<span class=\"elementor-button-content-wrapper\">\n\t\t\t\t\t\t\t<span class=\"elementor-button-icon elementor-align-icon-right\">\n\t\t\t\t<svg xmlns=\"http:\/\/www.w3.org\/2000\/svg\" xmlns:xlink=\"http:\/\/www.w3.org\/1999\/xlink\" width=\"10px\" height=\"16px\" viewBox=\"0 0 10 16\"><title>Path 7 Copy<\/title><g id=\"Page-1\" stroke=\"none\" stroke-width=\"1\" fill=\"none\" fill-rule=\"evenodd\"><g id=\"Support-Studios-&#x2013;-New-Home-(v6)\" transform=\"translate(-230.000000, -2483.000000)\" stroke=\"#018282\" stroke-width=\"2.5\"><g id=\"Group-13\" transform=\"translate(133.000000, 2480.342035)\"><polyline id=\"Path-7-Copy\" transform=\"translate(101.774419, 10.500000) rotate(-90.000000) translate(-101.774419, -10.500000) \" points=\"95.2744195 7.25 101.774419 13.75 108.274419 7.25\"><\/polyline><\/g><\/g><\/g><\/svg>\t\t\t<\/span>\n\t\t\t\t\t\t<span class=\"elementor-button-text\">Unsere Services<\/span>\n\t\t<\/span>\n\t\t\t\t\t<\/a>\n\t\t<\/div>\n\t\t\t\t<\/div>\n\t\t\t\t<\/div>\n\t\t\t\t\t<\/div>\n\t\t<\/div>\n\t\t\t\t<div class=\"elementor-column elementor-col-50 elementor-inner-column elementor-element elementor-element-705a7e7\" data-id=\"705a7e7\" data-element_type=\"column\">\n\t\t\t<div class=\"elementor-widget-wrap elementor-element-populated\">\n\t\t\t\t\t\t\t\t<div class=\"elementor-element elementor-element-75156e8 elementor-align-left fbtn elementor-widget elementor-widget-button\" data-id=\"75156e8\" data-element_type=\"widget\" data-widget_type=\"button.default\">\n\t\t\t\t<div class=\"elementor-widget-container\">\n\t\t\t\t\t<div class=\"elementor-button-wrapper\">\n\t\t\t<a href=\"https:\/\/www.support-studios.com\/studios\/\" class=\"elementor-button-link elementor-button elementor-size-sm\" role=\"button\">\n\t\t\t\t\t\t<span class=\"elementor-button-content-wrapper\">\n\t\t\t\t\t\t\t<span class=\"elementor-button-icon elementor-align-icon-right\">\n\t\t\t\t<svg xmlns=\"http:\/\/www.w3.org\/2000\/svg\" xmlns:xlink=\"http:\/\/www.w3.org\/1999\/xlink\" width=\"10px\" height=\"16px\" viewBox=\"0 0 10 16\"><title>Path 7 Copy<\/title><g id=\"Page-1\" stroke=\"none\" stroke-width=\"1\" fill=\"none\" fill-rule=\"evenodd\"><g id=\"Support-Studios-&#x2013;-New-Home-(v6)\" transform=\"translate(-230.000000, -2483.000000)\" stroke=\"#018282\" stroke-width=\"2.5\"><g id=\"Group-13\" transform=\"translate(133.000000, 2480.342035)\"><polyline id=\"Path-7-Copy\" transform=\"translate(101.774419, 10.500000) rotate(-90.000000) translate(-101.774419, -10.500000) \" points=\"95.2744195 7.25 101.774419 13.75 108.274419 7.25\"><\/polyline><\/g><\/g><\/g><\/svg>\t\t\t<\/span>\n\t\t\t\t\t\t<span class=\"elementor-button-text\">Unser Studio<\/span>\n\t\t<\/span>\n\t\t\t\t\t<\/a>\n\t\t<\/div>\n\t\t\t\t<\/div>\n\t\t\t\t<\/div>\n\t\t\t\t\t<\/div>\n\t\t<\/div>\n\t\t\t\t\t\t\t<\/div>\n\t\t<\/section>\n\t\t\t\t\t<\/div>\n\t\t<\/div>\n\t\t\t\t\t\t\t<\/div>\n\t\t<\/section>\n\t\t\t\t\t\t\t<\/div>\n\t\t","protected":false},"excerpt":{"rendered":"<p>Gezielt hochwertig rekrutieren On-Point Rekrutierung durch einzigartige Panel-Technologie Die gezielte Rekrutierung hochwertiger Studienteilnehmer durch unsere einmalige Panel-Technologie erm\u00f6glicht es uns, permanent neue Probanden zu sourcen, und eine entsprechende Vielfalt und F\u00fclle in unserem Teilnehmer-Pool abzubilden sowie \u00fcber eine best\u00e4ndig wachsende Datenbank zu verf\u00fcgen. Mit diesem innovativen Akquise-Verfahren k\u00f6nnen wir eine punktgenaue Zielgruppen-Rekrutierung sicherstellen sowie auch [&hellip;]<\/p>\n","protected":false},"author":1,"featured_media":0,"parent":0,"menu_order":0,"comment_status":"closed","ping_status":"closed","template":"","meta":{"_acf_changed":false,"footnotes":""},"class_list":["post-4001","page","type-page","status-publish","hentry"],"acf":[],"_links":{"self":[{"href":"https:\/\/www.support-studios.com\/de\/wp-json\/wp\/v2\/pages\/4001","targetHints":{"allow":["GET"]}}],"collection":[{"href":"https:\/\/www.support-studios.com\/de\/wp-json\/wp\/v2\/pages"}],"about":[{"href":"https:\/\/www.support-studios.com\/de\/wp-json\/wp\/v2\/types\/page"}],"author":[{"embeddable":true,"href":"https:\/\/www.support-studios.com\/de\/wp-json\/wp\/v2\/users\/1"}],"replies":[{"embeddable":true,"href":"https:\/\/www.support-studios.com\/de\/wp-json\/wp\/v2\/comments?post=4001"}],"version-history":[{"count":11,"href":"https:\/\/www.support-studios.com\/de\/wp-json\/wp\/v2\/pages\/4001\/revisions"}],"predecessor-version":[{"id":4592,"href":"https:\/\/www.support-studios.com\/de\/wp-json\/wp\/v2\/pages\/4001\/revisions\/4592"}],"wp:attachment":[{"href":"https:\/\/www.support-studios.com\/de\/wp-json\/wp\/v2\/media?parent=4001"}],"curies":[{"name":"wp","href":"https:\/\/api.w.org\/{rel}","templated":true}]}}